{"id":25068,"date":"2025-10-10T12:26:34","date_gmt":"2025-10-10T12:26:34","guid":{"rendered":"https:\/\/it-project-management.eu\/?page_id=25068"},"modified":"2025-10-14T16:37:22","modified_gmt":"2025-10-14T16:37:22","slug":"o-nama-2","status":"publish","type":"page","link":"https:\/\/it-project-management.eu\/index.php\/o-nama-2\/","title":{"rendered":"O nama"},"content":{"rendered":"\t\t<div data-elementor-type=\"wp-page\" data-elementor-id=\"25068\" class=\"elementor elementor-25068\">\n\t\t\t\t<div class=\"no-position  elementor-element elementor-element-67920f4 e-flex e-con-boxed e-con e-parent\" data-id=\"67920f4\" data-element_type=\"container\" data-e-type=\"container\">\n\t\t\t\t\t<div class=\"e-con-inner\">\n\t\t\t\t<div class=\"elementor-element elementor-element-a4268cf gsap-move-no rs-tween_max_btn-no elementor-widget elementor-widget-spacer\" data-id=\"a4268cf\" data-element_type=\"widget\" data-e-type=\"widget\" data-widget_type=\"spacer.default\">\n\t\t\t\t\t\t\t<div class=\"elementor-spacer\">\n\t\t\t<div class=\"elementor-spacer-inner\"><\/div>\n\t\t<\/div>\n\t\t\t\t\t\t<\/div>\n\t\t\t\t\t<\/div>\n\t\t\t\t<\/div>\n\t\t<div class=\"no-position  elementor-element elementor-element-408b8b2 e-flex e-con-boxed e-con e-parent\" data-id=\"408b8b2\" data-element_type=\"container\" data-e-type=\"container\">\n\t\t\t\t\t<div class=\"e-con-inner\">\n\t\t\t\t<div class=\"elementor-element elementor-element-dc38b23 gsap-move-no rs-tween_max_btn-no elementor-widget elementor-widget-rs-heading\" data-id=\"dc38b23\" data-element_type=\"widget\" data-e-type=\"widget\" data-widget_type=\"rs-heading.default\">\n\t\t\t\t<div class=\"elementor-widget-container\">\n\t\t\t\t\t\n\t\t<div class=\"prelements-heading default center  animate-  \">\n\t\t\t<div class=\"title-inner\">\n\t\t\t\t\t\t\t\t\t<span class=\"sub-text \">\n\t\t\t\t\t\tMOJE BOJE D.O.O.\t\t\t\t\t<\/span>\n\t\t\t\t<h1 class=\"title rs-split-text-enable split-in-left \" data-split-type=\"words\" data-duration=\"0.8\" data-delay=\"0.02\">O nama<\/h1>\t\t\t<\/div>\n\t\t\t\t\t<\/div>\n\t\t\t\t<\/div>\n\t\t\t\t<\/div>\n\t\t\t\t\t<\/div>\n\t\t\t\t<\/div>\n\t\t<div class=\"no-position  elementor-element elementor-element-1425919 e-flex e-con-boxed e-con e-parent\" data-id=\"1425919\" data-element_type=\"container\" data-e-type=\"container\">\n\t\t\t\t\t<div class=\"e-con-inner\">\n\t\t\t\t<div class=\"elementor-element elementor-element-c0b49c0 gsap-move-no rs-tween_max_btn-no elementor-widget elementor-widget-spacer\" data-id=\"c0b49c0\" data-element_type=\"widget\" data-e-type=\"widget\" data-widget_type=\"spacer.default\">\n\t\t\t\t\t\t\t<div class=\"elementor-spacer\">\n\t\t\t<div class=\"elementor-spacer-inner\"><\/div>\n\t\t<\/div>\n\t\t\t\t\t\t<\/div>\n\t\t\t\t\t<\/div>\n\t\t\t\t<\/div>\n\t\t<div class=\"no-position  elementor-element elementor-element-1d20ee5 e-flex e-con-boxed e-con e-parent\" data-id=\"1d20ee5\" data-element_type=\"container\" data-e-type=\"container\">\n\t\t\t\t\t<div class=\"e-con-inner\">\n\t\t\t\t<div class=\"elementor-element elementor-element-50e537d gsap-move-no rs-tween_max_btn-no elementor-widget elementor-widget-text-editor\" data-id=\"50e537d\" data-element_type=\"widget\" data-e-type=\"widget\" data-widget_type=\"text-editor.default\">\n\t\t\t\t\t\t\t\t\t<p style=\"text-align: center;\">Tvrtka\u00a0<strong>MOJE BOJE d.o.o.<\/strong>\u00a0osnovana je 2010. godine kao klaster tradicionalnih trgovina boja i lakova.<\/p><p style=\"text-align: center;\">\u017delja osniva\u010da je prvenstveno bila udru\u017eiti znanje i iskustvo u prodaji boja i lakova te formirati nacionalni lanac boja i lakova koji \u0107e kvalitetno zadovoljiti sve zahtjeve \u00a0kupaca.<\/p><p style=\"text-align: center;\">Cilj nam je odr\u017eati u tr\u017ei\u0161noj utakmici tradicionalne prodavaonice boja i lakova, Va\u0161e \u201cdu\u0107ane iz susjedstva\u201d u koje osim po boje, lakove, alate, pribor i sl. mo\u017eete do\u0107i po stru\u010dan savjet na\u0161eg prodajnog osoblja koje je educirano da pomogne u izboru najoptimalnijeg rje\u0161enja.<\/p><p style=\"text-align: center;\">Na velikom izlo\u017ebeno-prodajnom prostoru u neposrednoj blizini Arena centra, na adresi Karlova\u010dka cesta 4a, otvorili smo prvi u nizu maloprodajnih trgovina pod vlastitim brandom gdje uz povoljne cijene nudimo veliki izbor boja i lakova, ru\u010dnog i elektri\u010dnog alata, te pripadaju\u0107eg pribora, za\u0161titne opreme, brusnog materijala, kitova i niz drugih proizvoda za zavr\u0161ne radove u graditeljstvu.<\/p><p style=\"text-align: center;\">Tako\u0111er nudimo uslugu kompjuterskog toniranja JUB, Dulux, Caparol i Chromos Svjetlost boja i lakova, te izradu HB Body auto lakova.<\/p>\t\t\t\t\t\t\t\t<\/div>\n\t\t\t\t\t<\/div>\n\t\t\t\t<\/div>\n\t\t<div class=\"no-position  elementor-element elementor-element-d4e9ba9 rs-highlight e-flex e-con-boxed e-con e-parent\" data-id=\"d4e9ba9\" data-element_type=\"container\" data-e-type=\"container\">\n\t\t\t\t\t<div class=\"e-con-inner\">\n\t\t\t\t<div class=\"elementor-element elementor-element-7897b03 gsap-move-no rs-tween_max_btn-no elementor-widget elementor-widget-spacer\" data-id=\"7897b03\" data-element_type=\"widget\" data-e-type=\"widget\" data-widget_type=\"spacer.default\">\n\t\t\t\t\t\t\t<div class=\"elementor-spacer\">\n\t\t\t<div class=\"elementor-spacer-inner\"><\/div>\n\t\t<\/div>\n\t\t\t\t\t\t<\/div>\n\t\t\t\t\t<\/div>\n\t\t\t\t<\/div>\n\t\t<div class=\"no-position  elementor-element elementor-element-0837b34 e-flex e-con-boxed e-con e-parent\" data-id=\"0837b34\" data-element_type=\"container\" data-e-type=\"container\">\n\t\t\t\t\t<div class=\"e-con-inner\">\n\t\t\t\t<div class=\"elementor-element elementor-element-053d260 gsap-move-no rs-tween_max_btn-no elementor-widget elementor-widget-image\" data-id=\"053d260\" data-element_type=\"widget\" data-e-type=\"widget\" data-widget_type=\"image.default\">\n\t\t\t\t\t\t\t\t\t\t\t\t\t\t\t<img fetchpriority=\"high\" decoding=\"async\" width=\"540\" height=\"294\" src=\"https:\/\/it-project-management.eu\/wp-content\/uploads\/2025\/10\/moje-boje-o-nama.jpg\" class=\"attachment-full size-full wp-image-25090\" alt=\"\" srcset=\"https:\/\/it-project-management.eu\/wp-content\/uploads\/2025\/10\/moje-boje-o-nama.jpg 540w, https:\/\/it-project-management.eu\/wp-content\/uploads\/2025\/10\/moje-boje-o-nama-300x163.jpg 300w\" sizes=\"(max-width: 540px) 100vw, 540px\" \/>\t\t\t\t\t\t\t\t\t\t\t\t\t\t\t<\/div>\n\t\t\t\t<div class=\"elementor-element elementor-element-260623b gsap-move-no rs-tween_max_btn-no elementor-widget elementor-widget-rs-heading\" data-id=\"260623b\" data-element_type=\"widget\" data-e-type=\"widget\" data-widget_type=\"rs-heading.default\">\n\t\t\t\t<div class=\"elementor-widget-container\">\n\t\t\t\t\t\n\t\t<div class=\"prelements-heading default right  animate-  \">\n\t\t\t<div class=\"title-inner\">\n\t\t\t\t<h1 class=\"title rs-split-text-enable split-in-left \" data-split-type=\"words\" data-duration=\"0.8\" data-delay=\"0.02\">\u2026 i vlastiti parking ispred prodajnog prostora!<\/h1>\t\t\t<\/div>\n\t\t\t\t\t<\/div>\n\t\t\t\t<\/div>\n\t\t\t\t<\/div>\n\t\t\t\t\t<\/div>\n\t\t\t\t<\/div>\n\t\t<div class=\"no-position  elementor-element elementor-element-071790d e-flex e-con-boxed e-con e-parent\" data-id=\"071790d\" data-element_type=\"container\" data-e-type=\"container\">\n\t\t\t\t\t<div class=\"e-con-inner\">\n\t\t\t\t<div class=\"elementor-element elementor-element-21985be gsap-move-no rs-tween_max_btn-no elementor-widget elementor-widget-spacer\" data-id=\"21985be\" data-element_type=\"widget\" data-e-type=\"widget\" data-widget_type=\"spacer.default\">\n\t\t\t\t\t\t\t<div class=\"elementor-spacer\">\n\t\t\t<div class=\"elementor-spacer-inner\"><\/div>\n\t\t<\/div>\n\t\t\t\t\t\t<\/div>\n\t\t\t\t\t<\/div>\n\t\t\t\t<\/div>\n\t\t<div class=\"no-position  elementor-element elementor-element-8a5f513 e-flex e-con-boxed e-con e-parent\" data-id=\"8a5f513\" data-element_type=\"container\" data-e-type=\"container\" data-settings=\"{&quot;shape_divider_top&quot;:&quot;split&quot;,&quot;shape_divider_bottom&quot;:&quot;split&quot;}\">\n\t\t\t\t\t<div class=\"e-con-inner\">\n\t\t\t\t<div class=\"elementor-shape elementor-shape-top\" aria-hidden=\"true\" data-negative=\"false\">\n\t\t\t<svg xmlns=\"http:\/\/www.w3.org\/2000\/svg\" viewBox=\"0 0 1000 20\" preserveAspectRatio=\"none\">\n\t<path class=\"elementor-shape-fill\" d=\"M0,0v3c0,0,393.8,0,483.4,0c9.2,0,16.6,7.4,16.6,16.6c0-9.1,7.4-16.6,16.6-16.6C606.2,3,1000,3,1000,3V0H0z\"\/>\n<\/svg>\t\t<\/div>\n\t\t\t\t<div class=\"elementor-shape elementor-shape-bottom\" aria-hidden=\"true\" data-negative=\"false\">\n\t\t\t<svg xmlns=\"http:\/\/www.w3.org\/2000\/svg\" viewBox=\"0 0 1000 20\" preserveAspectRatio=\"none\">\n\t<path class=\"elementor-shape-fill\" d=\"M0,0v3c0,0,393.8,0,483.4,0c9.2,0,16.6,7.4,16.6,16.6c0-9.1,7.4-16.6,16.6-16.6C606.2,3,1000,3,1000,3V0H0z\"\/>\n<\/svg>\t\t<\/div>\n\t\t<div class=\"no-position  elementor-element elementor-element-52756b6 e-con-full e-flex e-con e-child\" data-id=\"52756b6\" data-element_type=\"container\" data-e-type=\"container\">\n\t\t\t\t<div class=\"elementor-element elementor-element-b02b96f gsap-move-no rs-tween_max_btn-no elementor-widget elementor-widget-text-editor\" data-id=\"b02b96f\" data-element_type=\"widget\" data-e-type=\"widget\" data-widget_type=\"text-editor.default\">\n\t\t\t\t\t\t\t\t\t<p style=\"text-align: center;\"><br \/>Ovim putem Vas pozivamo da nas posjetite u na\u0161em prodajnom prostoru kako bi Vam uz stru\u010dno osoblje mogli prezentirati na\u0161u ponudu.<\/p>\t\t\t\t\t\t\t\t<\/div>\n\t\t\t\t<\/div>\n\t\t\t\t\t<\/div>\n\t\t\t\t<\/div>\n\t\t\t\t<\/div>\n\t\t","protected":false},"excerpt":{"rendered":"<p>MOJE BOJE D.O.O. O nama Tvrtka\u00a0MOJE BOJE d.o.o.\u00a0osnovana je 2010. godine kao klaster tradicionalnih trgovina boja i lakova. \u017delja osniva\u010da je prvenstveno bila udru\u017eiti znanje i iskustvo u prodaji boja i lakova te formirati nacionalni lanac boja i lakova koji \u0107e kvalitetno zadovoljiti sve zahtjeve \u00a0kupaca. Cilj nam je odr\u017eati u tr\u017ei\u0161noj utakmici tradicionalne prodavaonice&#8230;<\/p>\n","protected":false},"author":1,"featured_media":0,"parent":0,"menu_order":0,"comment_status":"closed","ping_status":"closed","template":"","meta":{"footnotes":""},"class_list":["post-25068","page","type-page","status-publish","hentry"],"_links":{"self":[{"href":"https:\/\/it-project-management.eu\/index.php\/wp-json\/wp\/v2\/pages\/25068","targetHints":{"allow":["GET"]}}],"collection":[{"href":"https:\/\/it-project-management.eu\/index.php\/wp-json\/wp\/v2\/pages"}],"about":[{"href":"https:\/\/it-project-management.eu\/index.php\/wp-json\/wp\/v2\/types\/page"}],"author":[{"embeddable":true,"href":"https:\/\/it-project-management.eu\/index.php\/wp-json\/wp\/v2\/users\/1"}],"replies":[{"embeddable":true,"href":"https:\/\/it-project-management.eu\/index.php\/wp-json\/wp\/v2\/comments?post=25068"}],"version-history":[{"count":32,"href":"https:\/\/it-project-management.eu\/index.php\/wp-json\/wp\/v2\/pages\/25068\/revisions"}],"predecessor-version":[{"id":25389,"href":"https:\/\/it-project-management.eu\/index.php\/wp-json\/wp\/v2\/pages\/25068\/revisions\/25389"}],"wp:attachment":[{"href":"https:\/\/it-project-management.eu\/index.php\/wp-json\/wp\/v2\/media?parent=25068"}],"curies":[{"name":"wp","href":"https:\/\/api.w.org\/{rel}","templated":true}]}}